{"id":799,"date":"2025-04-02T07:41:32","date_gmt":"2025-04-02T07:41:32","guid":{"rendered":"https:\/\/imkerei-klingel.de\/?page_id=799"},"modified":"2025-12-15T10:39:03","modified_gmt":"2025-12-15T10:39:03","slug":"markte","status":"publish","type":"page","link":"https:\/\/imkerei-klingel.de\/index.php\/markte\/","title":{"rendered":"M\u00e4rkte"},"content":{"rendered":"\n<p><strong>unsere n\u00e4chsten M\u00e4rkte<\/strong>:<\/p>\n\n\n\n<p><a href=\"https:\/\/www.schmitzhuebsch.de\/news\/am-27-04-2025-ist-fruehlingserwachen-bei-schmitz-huebsch\/\">Fr\u00fchlingserwachen Schmitz-H\u00fcbsch<br><\/a>27.04.2025<br>von 1:\u00b41:00 bis 17:00 Uhr<br>Bonn-Br\u00fchler-Str. 14<br>53332 Bornheim &#8211; Merten<\/p>\n\n\n\n<hr class=\"wp-block-separator has-alpha-channel-opacity is-style-wide\"\/>\n\n\n\n<p><a href=\"https:\/\/www.bonn.de\/veranstaltungskalender\/veranstaltungen\/hauptkalender\/maerkte\/fruehlingsmarkt-2025.php\"><strong>Fr\u00fchlingsmarkt Stadt Bonn<\/strong><\/a><br>10. 05. 2025<br>M\u00fcnsterplatz Bonn<\/p>\n\n\n\n<hr class=\"wp-block-separator has-alpha-channel-opacity is-style-wide\"\/>\n\n\n\n<p><a href=\"https:\/\/landpartie.com\/veranstaltungen\/landpartie-burg-adendorf\/\"><strong>Landpartie Adendorf<\/strong><\/a><br>29.05. &#8211; 01.06.2025<br>Schloss Adendorf<\/p>\n\n\n\n<p>Donnerstag &amp; Samstag: 10 bis 19 Uhr<br>Freitag: 10 bis 21 Uhr<br>Sonntag: 10 bis 18 Uhr<\/p>\n\n\n\n<p>Anfahrtsadresse:<br>Burg Adendorf 1<br>53343 Wachtberg<\/p>\n\n\n\n<hr class=\"wp-block-separator has-alpha-channel-opacity is-style-wide\"\/>\n\n\n\n<p><a href=\"https:\/\/www.burglede.de\/veranstaltungen-2025\/\"><strong>Mittelaltermakrt BurgLede<\/strong><\/a><br>15.06.2025 <br>von 12 bis 19 Uhr<br>An der Burg Lede 1, 53225 Bonn<\/p>\n\n\n\n<hr class=\"wp-block-separator has-alpha-channel-opacity is-style-wide\"\/>\n\n\n\n<p><a href=\"https:\/\/www.schloss-eulenbroich.de\/herbstmarkt\"><strong>Herbstmarkt Eulenbroich<\/strong><\/a><br>04. und 05.10.2025<br>Samstags: 11 bis 19 Uhr<br>Sonntags: 11 bis 18 Uhr<br>Zum Eulenbroicher Auel 19, 51503 R\u00f6srath<\/p>\n\n\n\n<hr class=\"wp-block-separator has-alpha-channel-opacity is-style-wide\"\/>\n\n\n\n<p><a href=\"https:\/\/eventfrog.de\/de\/p\/gruppen\/fruehlingszauber-und-herbstpartie-kunsthandwerkermarkt-7245355132472258474.html\"><strong>Herbstpartie 2T Lindlar<\/strong><\/a><br>25. und 26.10.2025<br>von 11 bis 18 Uhr<br>Bismarckstra\u00dfe 1, Lindlar<\/p>\n\n\n\n<hr class=\"wp-block-separator has-alpha-channel-opacity is-style-wide\"\/>\n\n\n\n<p><a href=\"https:\/\/schneiders-marktscheune.de\/\"><strong>Martinsmarkt an der Marktscheune<\/strong><br><\/a>15. und 16.11.2025<br>Brunnengarten 1B, 53343 Wachtberg<\/p>\n\n\n\n<hr class=\"wp-block-separator has-alpha-channel-opacity is-style-wide\"\/>\n\n\n\n<p><a href=\"https:\/\/www.schloss-eulenbroich.de\/weihnachtsmarkt\"><strong>Weihnachtsmarkt Eulenbroich<\/strong><\/a><br>29. und 30.11.2025<br>06. und 07.12.2025<br>Samstags: 11 bis 21 Uhr<br>Sonntags: 11 bis 19 Uhr<br>Zum Eulenbroicher Auel 19, 51503 R\u00f6srath<\/p>\n\n\n\n<hr class=\"wp-block-separator has-alpha-channel-opacity is-style-wide\"\/>\n\n\n\n<p><strong>Winterzauber Plittersdorf<\/strong><br>29.11.2025<\/p>\n\n\n\n<hr class=\"wp-block-separator has-alpha-channel-opacity is-style-wide\"\/>\n\n\n\n<p><a href=\"https:\/\/www.burglede.de\/\"><strong>Weihnachtsmarkt BurgLede<\/strong><\/a><br>07.12.2025 <br>An der Burg Lede 1, 53225 Bonn<\/p>\n\n\n\n<hr class=\"wp-block-separator has-alpha-channel-opacity is-style-wide\"\/>\n\n\n\n<p><a href=\"https:\/\/kube-bonn.de\/index.php\/burgweihnacht\/\"><strong>BurgWeihnacht Endenich<\/strong><\/a><br>13.12.2025<br>Am Burggraben 18, 53121 Bonn<\/p>\n\n\n\n<hr class=\"wp-block-separator has-alpha-channel-opacity is-style-wide\"\/>\n\n\n\n<p><strong>Adventsverkauf Imkerei Klingel<\/strong><br>19.12.2025<br>Hans-Cloos-Str.33, 53121 Bonn<\/p>\n","protected":false},"excerpt":{"rendered":"<p>unsere n\u00e4chsten M\u00e4rkte: Fr\u00fchlingserwachen Schmitz-H\u00fcbsch27.04.2025von 1:\u00b41:00 bis 17:00 UhrBonn-Br\u00fchler-Str. 1453332 Bornheim &#8211; Merten Fr\u00fchlingsmarkt Stadt Bonn10. 05. 2025M\u00fcnsterplatz Bonn Landpartie Adendorf29.05. &#8211; 01.06.2025Schloss Adendorf Donnerstag &amp; Samstag: 10 bis 19 UhrFreitag: 10 bis 21 UhrSonntag: 10 bis 18 Uhr Anfahrtsadresse:Burg Adendorf 153343 Wachtberg Mittelaltermakrt BurgLede15.06.2025 von 12 bis 19 UhrAn der Burg Lede 1, 53225 &hellip; <\/p>\n<p class=\"link-more\"><a href=\"https:\/\/imkerei-klingel.de\/index.php\/markte\/\" class=\"more-link\">Continue reading<span class=\"screen-reader-text\"> &#8220;M\u00e4rkte&#8221;<\/span><\/a><\/p>\n","protected":false},"author":3,"featured_media":0,"parent":0,"menu_order":0,"comment_status":"closed","ping_status":"closed","template":"","meta":{"footnotes":""},"class_list":["post-799","page","type-page","status-publish","hentry"],"_links":{"self":[{"href":"https:\/\/imkerei-klingel.de\/index.php\/wp-json\/wp\/v2\/pages\/799","targetHints":{"allow":["GET"]}}],"collection":[{"href":"https:\/\/imkerei-klingel.de\/index.php\/wp-json\/wp\/v2\/pages"}],"about":[{"href":"https:\/\/imkerei-klingel.de\/index.php\/wp-json\/wp\/v2\/types\/page"}],"author":[{"embeddable":true,"href":"https:\/\/imkerei-klingel.de\/index.php\/wp-json\/wp\/v2\/users\/3"}],"replies":[{"embeddable":true,"href":"https:\/\/imkerei-klingel.de\/index.php\/wp-json\/wp\/v2\/comments?post=799"}],"version-history":[{"count":5,"href":"https:\/\/imkerei-klingel.de\/index.php\/wp-json\/wp\/v2\/pages\/799\/revisions"}],"predecessor-version":[{"id":846,"href":"https:\/\/imkerei-klingel.de\/index.php\/wp-json\/wp\/v2\/pages\/799\/revisions\/846"}],"wp:attachment":[{"href":"https:\/\/imkerei-klingel.de\/index.php\/wp-json\/wp\/v2\/media?parent=799"}],"curies":[{"name":"wp","href":"https:\/\/api.w.org\/{rel}","templated":true}]}}