{"id":771,"date":"2024-11-29T21:34:54","date_gmt":"2024-11-29T21:34:54","guid":{"rendered":"https:\/\/imkerei-klingel.de\/?page_id=771"},"modified":"2024-11-29T21:36:22","modified_gmt":"2024-11-29T21:36:22","slug":"warenkunde","status":"publish","type":"page","link":"https:\/\/imkerei-klingel.de\/index.php\/warenkunde\/","title":{"rendered":"Warenkunde"},"content":{"rendered":"\n<p><strong>Honigbl\u00fcte<\/strong><\/p>\n\n\n\n<p>Honigbl\u00fcte? \u2013 hei\u00dft es nicht Bl\u00fctenhonig? Jein, das erste ist eine Erscheinung im Honigglas, das zweite eine Honigsorte. Genaugenommen kann die Honigbl\u00fcte sogar beim Bl\u00fctenhonig auftreten.<\/p>\n\n\n\n<div class=\"wp-block-media-text has-media-on-the-right is-stacked-on-mobile\" style=\"grid-template-columns:auto 46%\"><div class=\"wp-block-media-text__content\">\n<p>Manchmal ist eine ungleichm\u00e4\u00dfige Kristallbildung in den Honiggl\u00e4sern zu sehen. An der Innenwand des Glases und auf der Honigoberfl\u00e4che sieht man eine wei\u00dfe Schicht, \u00e4hnlich wie der Schimmel auf dem K\u00e4se. Dies wird h\u00e4ufig f\u00e4lschlicherweise als Merkmal f\u00fcr schlechte Qualit\u00e4t des Honigs interpretiert. Das \u201eAusbl\u00fchen\u201c der Zuckerkristalle entsteht, wenn sich zwischen dem Honig und der Glaswand ein kleiner Luftraum ist.<\/p>\n\n\n\n<p>Ob sich diese Bl\u00fcten zeigen, h\u00e4ngt von unterschiedlichen Faktoren ab wie beispielsweise Wassergehalt des Honigs, Glastemperatur beim Abf\u00fcllen oder der Kristallstruktur ab. Jeder Honig ist anders, manche Chargen sind regelrechte Wundert\u00fcten.<\/p>\n<\/div><figure class=\"wp-block-media-text__media\"><img loading=\"lazy\" decoding=\"async\" width=\"1536\" height=\"2048\" src=\"https:\/\/imkerei-klingel.de\/wp-content\/uploads\/2024\/11\/Honigblute_2.jpeg\" alt=\"\" class=\"wp-image-773 size-full\"\/><\/figure><\/div>\n\n\n\n<p><strong>Phasentrennung<\/strong><\/p>\n\n\n\n<p>Eine Entmischung ist zu erkennen, wenn sich der auskristallisierte Teil unten absetzt und oben eine dunklere und fl\u00fcssigere Schicht entsteht.<\/p>\n\n\n\n<p>Wie entsteht dies und ist der Honig noch genie\u00dfbar?<\/p>\n\n\n\n<p>Es wird meist auf einen Hitzeschaden geschlossen, aber das Ph\u00e4nomen kann auch bei schonend verarbeiteten Honigen auftreten.<\/p>\n\n\n\n<p>Generell kann der Honig einfach durchger\u00fchrt und dann genossen werden. In der oberen Schicht befindet sich haupts\u00e4chlich Fructose, in der unteren Glucose, da die schweren Kristalle nach unten sinken.<\/p>\n\n\n\n<div class=\"wp-block-media-text is-stacked-on-mobile\"><figure class=\"wp-block-media-text__media\"><img loading=\"lazy\" decoding=\"async\" width=\"1536\" height=\"2048\" src=\"https:\/\/imkerei-klingel.de\/wp-content\/uploads\/2024\/11\/Phasentrennung.jpeg\" alt=\"\" class=\"wp-image-772 size-full\"\/><\/figure><div class=\"wp-block-media-text__content\">\n<p>Auch bei diesem sogenannten Honigfehler haben verschiedene Faktoren einen Einfluss auf die Entstehung. Unsere Klassikerhonig werden nach dem Schleudern ger\u00fchrt, damit der Honig homogen ist. Wenn aber nicht am Punkt der perfekten Homogenit\u00e4t getroffen wird und der Honig dann abgef\u00fcllt wird, kommt es mit der Zeit zu einer Entmischung. Der Imker hat es also nicht drauf? &#8211; ganz so einfach ist es nicht. Bei uns tritt dieses Erscheinungsbild eigentlich nur bei der Fr\u00fchtracht auf. Es gibt also Honige mit bestimmten Zuckerzusammensetzungen, die eher zur Phasentrennung neigen.<\/p>\n<\/div><\/div>\n\n\n\n<p>Die Schichtdicke der einzelnen Phasen h\u00e4ngt von der Honigzusammensetzung sowie den Lagerbedingungen ab.<\/p>\n\n\n\n<p>Steht ein Honig l\u00e4ngere Zeit beim Wiederverk\u00e4ufer im warmen Lagerraum oder beim Kunden in der prallen Sonne auf dem Fr\u00fchst\u00fcckstisch, wird die Phasenbildung beg\u00fcnstigt.<\/p>\n\n\n\n<p>Honig sollte aber k\u00fchl (ideal 15\u00b0C) und vor Sonne gesch\u00fctzt gelagert werden.<\/p>\n\n\n\n<p>Problematisch wird die sonderbare Streifenbildung erst, wenn der Honig in G\u00e4rung \u00fcbergeht. Dadurch, dass die fl\u00fcssige Matrix einen h\u00f6heren Wassergehalt als das Gesamtgemisch hat.<\/p>\n\n\n\n<p>Ausf\u00fcrlichere Informationen zur Entstehung sind im Internet unter den Stichworten \u201eLAVES (45) Honigfehler \u2013 Bl\u00fctenbildung und Phasentrennung\u201c zu finden.<\/p>\n\n\n\n<div data-wp-interactive=\"core\/file\" class=\"wp-block-file\"><object data-wp-bind--hidden=\"!state.hasPdfPreview\" hidden class=\"wp-block-file__embed\" data=\"https:\/\/imkerei-klingel.de\/wp-content\/uploads\/2024\/11\/45_Honigfehler_Bltenbildung_Phasentrennung-1.pdf\" type=\"application\/pdf\" style=\"width:100%;height:600px\" aria-label=\"Embed of 45_Honigfehler_Bltenbildung_Phasentrennung (1).\"><\/object><a id=\"wp-block-file--media-6fc8fbd0-c0fb-4943-a787-5607db4cdc00\" href=\"https:\/\/imkerei-klingel.de\/wp-content\/uploads\/2024\/11\/45_Honigfehler_Bltenbildung_Phasentrennung-1.pdf\">45_Honigfehler_Bltenbildung_Phasentrennung (1)<\/a><a href=\"https:\/\/imkerei-klingel.de\/wp-content\/uploads\/2024\/11\/45_Honigfehler_Bltenbildung_Phasentrennung-1.pdf\" class=\"wp-block-file__button wp-element-button\" download aria-describedby=\"wp-block-file--media-6fc8fbd0-c0fb-4943-a787-5607db4cdc00\">Download<\/a><\/div>\n","protected":false},"excerpt":{"rendered":"<p>Honigbl\u00fcte Honigbl\u00fcte? \u2013 hei\u00dft es nicht Bl\u00fctenhonig? Jein, das erste ist eine Erscheinung im Honigglas, das zweite eine Honigsorte. Genaugenommen kann die Honigbl\u00fcte sogar beim Bl\u00fctenhonig auftreten. Manchmal ist eine ungleichm\u00e4\u00dfige Kristallbildung in den Honiggl\u00e4sern zu sehen. An der Innenwand des Glases und auf der Honigoberfl\u00e4che sieht man eine wei\u00dfe Schicht, \u00e4hnlich wie der Schimmel &hellip; <\/p>\n<p class=\"link-more\"><a href=\"https:\/\/imkerei-klingel.de\/index.php\/warenkunde\/\" class=\"more-link\">Continue reading<span class=\"screen-reader-text\"> &#8220;Warenkunde&#8221;<\/span><\/a><\/p>\n","protected":false},"author":3,"featured_media":0,"parent":0,"menu_order":0,"comment_status":"closed","ping_status":"closed","template":"","meta":{"footnotes":""},"class_list":["post-771","page","type-page","status-publish","hentry"],"_links":{"self":[{"href":"https:\/\/imkerei-klingel.de\/index.php\/wp-json\/wp\/v2\/pages\/771","targetHints":{"allow":["GET"]}}],"collection":[{"href":"https:\/\/imkerei-klingel.de\/index.php\/wp-json\/wp\/v2\/pages"}],"about":[{"href":"https:\/\/imkerei-klingel.de\/index.php\/wp-json\/wp\/v2\/types\/page"}],"author":[{"embeddable":true,"href":"https:\/\/imkerei-klingel.de\/index.php\/wp-json\/wp\/v2\/users\/3"}],"replies":[{"embeddable":true,"href":"https:\/\/imkerei-klingel.de\/index.php\/wp-json\/wp\/v2\/comments?post=771"}],"version-history":[{"count":2,"href":"https:\/\/imkerei-klingel.de\/index.php\/wp-json\/wp\/v2\/pages\/771\/revisions"}],"predecessor-version":[{"id":778,"href":"https:\/\/imkerei-klingel.de\/index.php\/wp-json\/wp\/v2\/pages\/771\/revisions\/778"}],"wp:attachment":[{"href":"https:\/\/imkerei-klingel.de\/index.php\/wp-json\/wp\/v2\/media?parent=771"}],"curies":[{"name":"wp","href":"https:\/\/api.w.org\/{rel}","templated":true}]}}