{"id":475,"date":"2023-10-06T21:08:14","date_gmt":"2023-10-06T21:08:14","guid":{"rendered":"https:\/\/imkerei-klingel.de\/?page_id=475"},"modified":"2024-12-04T20:22:30","modified_gmt":"2024-12-04T20:22:30","slug":"kerzen","status":"publish","type":"page","link":"https:\/\/imkerei-klingel.de\/index.php\/produkte\/kerzen\/","title":{"rendered":"Kerzen"},"content":{"rendered":"\n<ul class=\"wp-block-list\">\n<li>Das Bienenwachssortiment 2024<\/li>\n<\/ul>\n\n\n\n<div class=\"wp-block-media-text is-stacked-on-mobile\"><figure class=\"wp-block-media-text__media\"><img loading=\"lazy\" decoding=\"async\" width=\"4272\" height=\"2848\" src=\"https:\/\/imkerei-klingel.de\/wp-content\/uploads\/2023\/10\/IMG_1323.jpg\" alt=\"\" class=\"wp-image-634 size-full\"\/><\/figure><div class=\"wp-block-media-text__content\">\n<p><strong>Adventskerze<br><\/strong>Ma\u00dfe: ca. 2x10cm<br>Stabkerze, die in g\u00e4ngige Halterungen mit 2cm Durchmesser passt<\/p>\n<\/div><\/div>\n\n\n\n<div class=\"wp-block-media-text is-stacked-on-mobile\"><figure class=\"wp-block-media-text__media\"><img loading=\"lazy\" decoding=\"async\" width=\"4272\" height=\"2848\" src=\"https:\/\/imkerei-klingel.de\/wp-content\/uploads\/2023\/10\/IMG_1363.jpg\" alt=\"\" class=\"wp-image-651 size-full\"\/><\/figure><div class=\"wp-block-media-text__content\">\n<p><strong>Anh\u00e4nger<\/strong> <strong>Goldb\u00e4r<br><br><\/strong>Baumschmuck mit Aufh\u00e4ngschlaufe, keine Kerze<\/p>\n<\/div><\/div>\n\n\n\n<div class=\"wp-block-media-text is-stacked-on-mobile\"><figure class=\"wp-block-media-text__media\"><img loading=\"lazy\" decoding=\"async\" width=\"4272\" height=\"2848\" src=\"https:\/\/imkerei-klingel.de\/wp-content\/uploads\/2023\/10\/IMG_1359.jpg\" alt=\"\" class=\"wp-image-650 size-full\"\/><\/figure><div class=\"wp-block-media-text__content\">\n<p><strong>Anh\u00e4nger Stern oder Tanne<br><\/strong>Baumschmuck mit Aufh\u00e4ngschlaufe, keine Kerze<\/p>\n<\/div><\/div>\n\n\n\n<div class=\"wp-block-media-text is-stacked-on-mobile\"><figure class=\"wp-block-media-text__media\"><img loading=\"lazy\" decoding=\"async\" width=\"4272\" height=\"2848\" src=\"https:\/\/imkerei-klingel.de\/wp-content\/uploads\/2023\/10\/IMG_1338.jpg\" alt=\"\" class=\"wp-image-641 size-full\"\/><\/figure><div class=\"wp-block-media-text__content\">\n<p><strong>Bienenkorb klein<\/strong><\/p>\n<\/div><\/div>\n\n\n\n<div class=\"wp-block-media-text is-stacked-on-mobile\"><figure class=\"wp-block-media-text__media\"><img loading=\"lazy\" decoding=\"async\" width=\"4272\" height=\"2848\" src=\"https:\/\/imkerei-klingel.de\/wp-content\/uploads\/2023\/10\/IMG_1325.jpg\" alt=\"\" class=\"wp-image-635 size-full\"\/><\/figure><div class=\"wp-block-media-text__content\">\n<p><strong>Bienenkorb mit Bienen<\/strong><\/p>\n\n\n\n<p> Ma\u00dfe: ca. 3,5x5cm<strong><br><br><\/strong><\/p>\n<\/div><\/div>\n\n\n\n<div class=\"wp-block-media-text is-stacked-on-mobile\"><figure class=\"wp-block-media-text__media\"><img loading=\"lazy\" decoding=\"async\" width=\"4272\" height=\"2848\" src=\"https:\/\/imkerei-klingel.de\/wp-content\/uploads\/2023\/10\/IMG_1344-1.jpg\" alt=\"\" class=\"wp-image-645 size-full\"\/><\/figure><div class=\"wp-block-media-text__content\">\n<p><strong>Licht im Glas<br><\/strong>im 80ml WECK-Glas Pur oder mit verschiedene D\u00fcfte wie beispielsweise Orange, weihnachtlich, Wald<\/p>\n<\/div><\/div>\n\n\n\n<div class=\"wp-block-media-text is-stacked-on-mobile\"><figure class=\"wp-block-media-text__media\"><img loading=\"lazy\" decoding=\"async\" width=\"4272\" height=\"2848\" src=\"https:\/\/imkerei-klingel.de\/wp-content\/uploads\/2023\/10\/IMG_1318.jpg\" alt=\"\" class=\"wp-image-633 size-full\"\/><\/figure><div class=\"wp-block-media-text__content\">\n<p><strong>Hase Hagen<\/strong> (Schneehase)<br>genau genommen ist es ein Kaninchen<br>Ma\u00dfe: ca. 3x6cm<\/p>\n<\/div><\/div>\n\n\n\n<div class=\"wp-block-media-text is-stacked-on-mobile\"><figure class=\"wp-block-media-text__media\"><img loading=\"lazy\" decoding=\"async\" width=\"4272\" height=\"2848\" src=\"https:\/\/imkerei-klingel.de\/wp-content\/uploads\/2023\/10\/IMG_1343-1.jpg\" alt=\"\" class=\"wp-image-644 size-full\"\/><\/figure><div class=\"wp-block-media-text__content\">\n<p><strong>Pyramide<\/strong><\/p>\n\n\n\n<p>Ma\u00dfe: ca. 5x13cm<\/p>\n<\/div><\/div>\n\n\n\n<div class=\"wp-block-media-text is-stacked-on-mobile\"><figure class=\"wp-block-media-text__media\"><img loading=\"lazy\" decoding=\"async\" width=\"4272\" height=\"2848\" src=\"https:\/\/imkerei-klingel.de\/wp-content\/uploads\/2023\/10\/IMG_1312.jpg\" alt=\"\" class=\"wp-image-631 size-full\"\/><\/figure><div class=\"wp-block-media-text__content\">\n<p><strong>Rose, klein<\/strong><\/p>\n\n\n\n<p>Ma\u00dfe: ca. 3&#215;4<br>passt in Teelichth\u00fclsen<\/p>\n<\/div><\/div>\n\n\n\n<div class=\"wp-block-media-text is-stacked-on-mobile\"><figure class=\"wp-block-media-text__media\"><img loading=\"lazy\" decoding=\"async\" width=\"4272\" height=\"2848\" src=\"https:\/\/imkerei-klingel.de\/wp-content\/uploads\/2023\/10\/IMG_1353.jpg\" alt=\"\" class=\"wp-image-649 size-full\"\/><\/figure><div class=\"wp-block-media-text__content\">\n<p><strong>Schokolade<br><\/strong>100% Bienenwachs<br>gut dosierbar zur kreativen Verwendung, keine Kerze<\/p>\n<\/div><\/div>\n\n\n\n<div class=\"wp-block-media-text is-stacked-on-mobile\"><figure class=\"wp-block-media-text__media\"><img loading=\"lazy\" decoding=\"async\" width=\"4272\" height=\"2848\" src=\"https:\/\/imkerei-klingel.de\/wp-content\/uploads\/2023\/10\/IMG_1350.jpg\" alt=\"\" class=\"wp-image-648 size-full\"\/><\/figure><div class=\"wp-block-media-text__content\">\n<p><strong>Stumpen<\/strong><br>Ma\u00dfe: ca. 3,5x9cm<\/p>\n<\/div><\/div>\n\n\n\n<div class=\"wp-block-media-text is-stacked-on-mobile\"><figure class=\"wp-block-media-text__media\"><img loading=\"lazy\" decoding=\"async\" width=\"4272\" height=\"2848\" src=\"https:\/\/imkerei-klingel.de\/wp-content\/uploads\/2023\/10\/IMG_1348.jpg\" alt=\"\" class=\"wp-image-647 size-full\"\/><\/figure><div class=\"wp-block-media-text__content\">\n<p><strong>Stumpen gro\u00df<br><\/strong>Ma\u00dfe: ca. 5,5x10cm<\/p>\n<\/div><\/div>\n\n\n\n<div class=\"wp-block-media-text is-stacked-on-mobile\"><figure class=\"wp-block-media-text__media\"><img loading=\"lazy\" decoding=\"async\" width=\"4272\" height=\"2848\" src=\"https:\/\/imkerei-klingel.de\/wp-content\/uploads\/2023\/10\/IMG_1327.jpg\" alt=\"\" class=\"wp-image-636 size-full\"\/><\/figure><div class=\"wp-block-media-text__content\">\n<p><strong>Tafelkerze<\/strong><br>Ma\u00dfe: ca. 2x19cm<\/p>\n<\/div><\/div>\n\n\n\n<div class=\"wp-block-media-text is-stacked-on-mobile\"><figure class=\"wp-block-media-text__media\"><img loading=\"lazy\" decoding=\"async\" width=\"4272\" height=\"2848\" src=\"https:\/\/imkerei-klingel.de\/wp-content\/uploads\/2023\/10\/IMG_1330.jpg\" alt=\"\" class=\"wp-image-637 size-full\"\/><\/figure><div class=\"wp-block-media-text__content\">\n<p><strong>Tafelkerze Bohrer<\/strong><br>Ma\u00dfe: ca. 2*20cm<\/p>\n<\/div><\/div>\n\n\n\n<div class=\"wp-block-media-text is-stacked-on-mobile\"><figure class=\"wp-block-media-text__media\"><img loading=\"lazy\" decoding=\"async\" width=\"4272\" height=\"2848\" src=\"https:\/\/imkerei-klingel.de\/wp-content\/uploads\/2023\/10\/IMG_1332.jpg\" alt=\"\" class=\"wp-image-638 size-full\"\/><\/figure><div class=\"wp-block-media-text__content\">\n<p><strong>Tanne<\/strong><br>Ma\u00dfe ca. 5x10cm<\/p>\n<\/div><\/div>\n\n\n\n<div class=\"wp-block-media-text is-stacked-on-mobile\"><figure class=\"wp-block-media-text__media\"><img loading=\"lazy\" decoding=\"async\" width=\"4272\" height=\"2848\" src=\"https:\/\/imkerei-klingel.de\/wp-content\/uploads\/2023\/10\/IMG_1317.jpg\" alt=\"\" class=\"wp-image-632 size-full\"\/><\/figure><div class=\"wp-block-media-text__content\">\n<p><strong>Tanne, klein<\/strong><br>Ma\u00dfe: ca. 3x6cm<br>passt in Teelichth\u00fclsen<\/p>\n<\/div><\/div>\n\n\n\n<div class=\"wp-block-media-text is-stacked-on-mobile\"><figure class=\"wp-block-media-text__media\"><img loading=\"lazy\" decoding=\"async\" width=\"4272\" height=\"2848\" src=\"https:\/\/imkerei-klingel.de\/wp-content\/uploads\/2023\/10\/IMG_1366.jpg\" alt=\"\" class=\"wp-image-652 size-full\"\/><\/figure><div class=\"wp-block-media-text__content\">\n<p><strong>Teelicht<br>schlicht, Ornament und Herz<\/strong><\/p>\n<\/div><\/div>\n\n\n\n<div class=\"wp-block-media-text is-stacked-on-mobile\"><figure class=\"wp-block-media-text__media\"><img loading=\"lazy\" decoding=\"async\" width=\"4272\" height=\"2848\" src=\"https:\/\/imkerei-klingel.de\/wp-content\/uploads\/2023\/10\/IMG_1336-1.jpg\" alt=\"\" class=\"wp-image-653 size-full\"\/><\/figure><div class=\"wp-block-media-text__content\">\n<p><strong>Wabenstumpen<\/strong><\/p>\n\n\n\n<p> Ma\u00dfe: ca. 3,5x9cm<\/p>\n<\/div><\/div>\n\n\n\n<div class=\"wp-block-media-text is-stacked-on-mobile\"><figure class=\"wp-block-media-text__media\"><img loading=\"lazy\" decoding=\"async\" width=\"4272\" height=\"2848\" src=\"https:\/\/imkerei-klingel.de\/wp-content\/uploads\/2023\/10\/IMG_1368.jpg\" alt=\"\" class=\"wp-image-654 size-full\"\/><\/figure><div class=\"wp-block-media-text__content\">\n<p><strong>Wachsblock<\/strong><\/p>\n\n\n\n<p><strong>ca 60g<\/strong> 100% Bienenwachs<br>zur kreativen Verwendung, keine Kerze<\/p>\n<\/div><\/div>\n\n\n\n<div class=\"wp-block-media-text is-stacked-on-mobile\"><figure class=\"wp-block-media-text__media\"><img loading=\"lazy\" decoding=\"async\" width=\"6000\" height=\"4000\" src=\"https:\/\/imkerei-klingel.de\/wp-content\/uploads\/2024\/12\/DSC03843.jpg\" alt=\"\" class=\"wp-image-781 size-full\"\/><\/figure><div class=\"wp-block-media-text__content\">\n<p><strong>Tanne<\/strong> <strong>mit Wellenform<\/strong><\/p>\n\n\n\n<p>schlichtes, modernes Design<br>Ma\u00dfe ca. 4,5x15cm<\/p>\n<\/div><\/div>\n\n\n\n<div class=\"wp-block-media-text is-stacked-on-mobile\"><figure class=\"wp-block-media-text__media\"><img loading=\"lazy\" decoding=\"async\" width=\"6000\" height=\"4000\" src=\"https:\/\/imkerei-klingel.de\/wp-content\/uploads\/2024\/12\/DSC03844.jpg\" alt=\"\" class=\"wp-image-782 size-full\"\/><\/figure><div class=\"wp-block-media-text__content\">\n<p><strong>Knoten<\/strong> <\/p>\n\n\n\n<p>Ma\u00dfe ca. 5x5cm<br>sehen h\u00fcbsch aus, aber tropfen etwas beim Abbrennen.<\/p>\n<\/div><\/div>\n\n\n\n<div class=\"wp-block-media-text is-stacked-on-mobile\"><figure class=\"wp-block-media-text__media\"><img loading=\"lazy\" decoding=\"async\" width=\"6000\" height=\"4000\" src=\"https:\/\/imkerei-klingel.de\/wp-content\/uploads\/2024\/12\/DSC03847.jpg\" alt=\"\" class=\"wp-image-783 size-full\"\/><\/figure><div class=\"wp-block-media-text__content\">\n<p><strong>Kugel, eingedreht<\/strong><\/p>\n\n\n\n<p>Ma\u00dfe ca. 6x5cm<\/p>\n<\/div><\/div>\n\n\n\n<div class=\"wp-block-media-text is-stacked-on-mobile\"><figure class=\"wp-block-media-text__media\"><img loading=\"lazy\" decoding=\"async\" width=\"6000\" height=\"4000\" src=\"https:\/\/imkerei-klingel.de\/wp-content\/uploads\/2024\/12\/DSC03849.jpg\" alt=\"\" class=\"wp-image-784 size-full\"\/><\/figure><div class=\"wp-block-media-text__content\">\n<p><strong>Frosch<\/strong><\/p>\n\n\n\n<p>Ma\u00dfe ca. 3x5cm<br>beim K\u00fcssen dieser Kerze, verwandelt sie sich nicht in eine Prinzenkerze<\/p>\n\n\n\n<p><\/p>\n<\/div><\/div>\n\n\n\n<div class=\"wp-block-media-text is-stacked-on-mobile\"><figure class=\"wp-block-media-text__media\"><img loading=\"lazy\" decoding=\"async\" width=\"6000\" height=\"4000\" src=\"https:\/\/imkerei-klingel.de\/wp-content\/uploads\/2024\/12\/DSC03851.jpg\" alt=\"\" class=\"wp-image-785 size-full\"\/><\/figure><div class=\"wp-block-media-text__content\">\n<p><strong>Engel<\/strong><\/p>\n\n\n\n<p> Ma\u00dfe ca. 3x5cm<\/p>\n\n\n\n<p><\/p>\n<\/div><\/div>\n\n\n\n<div class=\"wp-block-media-text is-stacked-on-mobile\"><figure class=\"wp-block-media-text__media\"><img loading=\"lazy\" decoding=\"async\" width=\"6000\" height=\"4000\" src=\"https:\/\/imkerei-klingel.de\/wp-content\/uploads\/2024\/12\/DSC03852.jpg\" alt=\"\" class=\"wp-image-786 size-full\"\/><\/figure><div class=\"wp-block-media-text__content\">\n<p><strong>Teelicht Muschel<\/strong><\/p>\n\n\n\n<p>Die ideale Tischdeko f\u00fcr deine Meerjungfrauenparty<\/p>\n<\/div><\/div>\n\n\n\n<p>Hallo Sophia, dies ist eine geheime Botschaft<\/p>\n\n\n\n<div class=\"wp-block-media-text is-stacked-on-mobile\"><figure class=\"wp-block-media-text__media\"><\/figure><div class=\"wp-block-media-text__content\">\n<p><strong>Schildkr\u00f6te Werner<\/strong><\/p>\n\n\n\n<p><\/p>\n<\/div><\/div>\n","protected":false},"excerpt":{"rendered":"<p>AdventskerzeMa\u00dfe: ca. 2x10cmStabkerze, die in g\u00e4ngige Halterungen mit 2cm Durchmesser passt Anh\u00e4nger Goldb\u00e4r Baumschmuck mit Aufh\u00e4ngschlaufe, keine Kerze Anh\u00e4nger Stern oder TanneBaumschmuck mit Aufh\u00e4ngschlaufe, keine Kerze Bienenkorb klein Bienenkorb mit Bienen Ma\u00dfe: ca. 3,5x5cm Licht im Glasim 80ml WECK-Glas Pur oder mit verschiedene D\u00fcfte wie beispielsweise Orange, weihnachtlich, Wald Hase Hagen (Schneehase)genau genommen ist es &hellip; <\/p>\n<p class=\"link-more\"><a href=\"https:\/\/imkerei-klingel.de\/index.php\/produkte\/kerzen\/\" class=\"more-link\">Continue reading<span class=\"screen-reader-text\"> &#8220;Kerzen&#8221;<\/span><\/a><\/p>\n","protected":false},"author":3,"featured_media":0,"parent":22,"menu_order":0,"comment_status":"closed","ping_status":"closed","template":"","meta":{"footnotes":""},"class_list":["post-475","page","type-page","status-publish","hentry"],"_links":{"self":[{"href":"https:\/\/imkerei-klingel.de\/index.php\/wp-json\/wp\/v2\/pages\/475","targetHints":{"allow":["GET"]}}],"collection":[{"href":"https:\/\/imkerei-klingel.de\/index.php\/wp-json\/wp\/v2\/pages"}],"about":[{"href":"https:\/\/imkerei-klingel.de\/index.php\/wp-json\/wp\/v2\/types\/page"}],"author":[{"embeddable":true,"href":"https:\/\/imkerei-klingel.de\/index.php\/wp-json\/wp\/v2\/users\/3"}],"replies":[{"embeddable":true,"href":"https:\/\/imkerei-klingel.de\/index.php\/wp-json\/wp\/v2\/comments?post=475"}],"version-history":[{"count":6,"href":"https:\/\/imkerei-klingel.de\/index.php\/wp-json\/wp\/v2\/pages\/475\/revisions"}],"predecessor-version":[{"id":789,"href":"https:\/\/imkerei-klingel.de\/index.php\/wp-json\/wp\/v2\/pages\/475\/revisions\/789"}],"up":[{"embeddable":true,"href":"https:\/\/imkerei-klingel.de\/index.php\/wp-json\/wp\/v2\/pages\/22"}],"wp:attachment":[{"href":"https:\/\/imkerei-klingel.de\/index.php\/wp-json\/wp\/v2\/media?parent=475"}],"curies":[{"name":"wp","href":"https:\/\/api.w.org\/{rel}","templated":true}]}}