{"id":438,"date":"2023-08-16T09:07:25","date_gmt":"2023-08-16T09:07:25","guid":{"rendered":"https:\/\/imkerei-klingel.de\/?page_id=438"},"modified":"2025-06-18T21:26:16","modified_gmt":"2025-06-18T21:26:16","slug":"honig","status":"publish","type":"page","link":"https:\/\/imkerei-klingel.de\/index.php\/produkte\/honig\/","title":{"rendered":"Honig"},"content":{"rendered":"\n<div class=\"wp-block-media-text is-stacked-on-mobile\"><figure class=\"wp-block-media-text__media\"><img loading=\"lazy\" decoding=\"async\" width=\"4272\" height=\"2848\" src=\"https:\/\/imkerei-klingel.de\/wp-content\/uploads\/2023\/08\/IMG_0003.jpg\" alt=\"\" class=\"wp-image-439 size-full\"\/><\/figure><div class=\"wp-block-media-text__content\">\n<p><strong>Fr\u00fchtracht<\/strong><br>Der erste Honig im Jahr besteht aus allen fr\u00fchbl\u00fchenden Pflanzen. Besonders die Rapsbl\u00fcte verleiht dem Honig ein helles, fast wei\u00dfes Erscheinen. Es entsteht ein sehr cremiger und milder Honig mit einer typischen leichten Honigs\u00fc\u00dfe.<\/p>\n<\/div><\/div>\n\n\n\n<p><\/p>\n\n\n\n<div class=\"wp-block-media-text is-stacked-on-mobile\"><figure class=\"wp-block-media-text__media\"><img loading=\"lazy\" decoding=\"async\" width=\"4272\" height=\"2848\" src=\"https:\/\/imkerei-klingel.de\/wp-content\/uploads\/2023\/08\/IMG_0002.jpg\" alt=\"\" class=\"wp-image-440 size-full\"\/><\/figure><div class=\"wp-block-media-text__content\">\n<p><strong>Sommertracht<\/strong><br>Diese Honigtracht ist in unserer Region besonders durch die Stadtlinde gepr\u00e4gt. Der hohe Lindenanteil macht sich im Geschmack durch eine leichte S\u00e4ure bemerkbar.<\/p>\n<\/div><\/div>\n\n\n\n<div class=\"wp-block-media-text is-stacked-on-mobile\"><figure class=\"wp-block-media-text__media\"><img loading=\"lazy\" decoding=\"async\" width=\"4272\" height=\"2848\" src=\"https:\/\/imkerei-klingel.de\/wp-content\/uploads\/2023\/08\/IMG_9997.jpg\" alt=\"\" class=\"wp-image-441 size-full\"\/><\/figure><div class=\"wp-block-media-text__content\">\n<p><strong>Wald und Bl\u00fctenhonig<\/strong><br>Honig aus dem Bonner Kottenforst kann in manchen Jahren durch Honigtau einen kr\u00e4ftigen Geschmack entwickeln. Im Vergleich zum reinen Bl\u00fctenhonig besitzt er eine dunklere Farbe.<\/p>\n<\/div><\/div>\n\n\n\n<div class=\"wp-block-media-text is-stacked-on-mobile\"><figure class=\"wp-block-media-text__media\"><img loading=\"lazy\" decoding=\"async\" width=\"4272\" height=\"2848\" src=\"https:\/\/imkerei-klingel.de\/wp-content\/uploads\/2023\/08\/IMG_9998.jpg\" alt=\"\" class=\"wp-image-442 size-full\"\/><\/figure><div class=\"wp-block-media-text__content\">\n<p><strong>Edelkastanie <\/strong><br>Zur Gewinnung des herben Edelkastanienhonigs reisen einige unserer Bienenv\u00f6lker in die Pfalz. Dieser Honig hat eine braun bis r\u00f6tliche Farbe und bleibt aufgrund seines geringen Glucoseanteils lange fl\u00fcssig.<\/p>\n<\/div><\/div>\n\n\n\n<div class=\"wp-block-media-text is-stacked-on-mobile\"><figure class=\"wp-block-media-text__media\"><img loading=\"lazy\" decoding=\"async\" width=\"4272\" height=\"2848\" src=\"https:\/\/imkerei-klingel.de\/wp-content\/uploads\/2023\/08\/IMG_9999.jpg\" alt=\"\" class=\"wp-image-443 size-full\"\/><\/figure><div class=\"wp-block-media-text__content\">\n<p><strong>Waldtracht<\/strong><br>Die dunkle, w\u00fcrzige Waldtracht gilt als besonders hochwertig. Anders als Bl\u00fctenhonig erzeugen ihn die Bienen aus den Ausscheidungen von Rinden- oder Blattl\u00e4usen. Diesen sogenannten Honigtau sammeln unsere Bienen im Schwarzwald. Waldhonig ist in der Regel fl\u00fcssig, kann aber je nach Zuckerzusammensetzung auch grob auskristallisieren.<\/p>\n<\/div><\/div>\n\n\n\n<div class=\"wp-block-media-text is-stacked-on-mobile\"><figure class=\"wp-block-media-text__media\"><img loading=\"lazy\" decoding=\"async\" width=\"4272\" height=\"2848\" src=\"https:\/\/imkerei-klingel.de\/wp-content\/uploads\/2023\/08\/IMG_0001.jpg\" alt=\"\" class=\"wp-image-444 size-full\"\/><\/figure><div class=\"wp-block-media-text__content\">\n<p><strong>Robinie<\/strong><br>Den fast farblosen Robinienhonig, welcher oft auch unter der Bezeichnung Akazienhonig vermarktet wird, sammeln unsere Bienen dort wo sich Rhein und Neckar treffen.<br>Mit schwach blumigem Geschmack und einer ausgepr\u00e4gten S\u00fc\u00dfe kann er \u00fcberzeugen. Aufgrund des ausschlie\u00dflichen Robiniennektars, bleibt dieser Honig sehr lange fl\u00fcssig.<\/p>\n<\/div><\/div>\n\n\n\n<div class=\"wp-block-media-text is-stacked-on-mobile\"><figure class=\"wp-block-media-text__media\"><img loading=\"lazy\" decoding=\"async\" width=\"1280\" height=\"960\" src=\"https:\/\/imkerei-klingel.de\/wp-content\/uploads\/2023\/12\/photo_2023-12-13_17-14-14.schlechtequalitatjpg.jpg\" alt=\"\" class=\"wp-image-691 size-full\"\/><\/figure><div class=\"wp-block-media-text__content\">\n<p><strong>Heide <\/strong><br>Den Heidehonig pr\u00e4gt seine geleeartige Konsistenz.<br>Mit einer hell bis r\u00f6tlichbraunen Farbe und einem intensiven herben Geschmack gibt er die Heidefl\u00e4chen des Nordens wieder.<br>Zur Gewinnung dieser Spezialit\u00e4t verbringen wir unsere Bienenv\u00f6lker in die Heimat von einem Teil unserer Familie, nach Niedersachsen.<br> Eine Besonderheit stellt der <strong>Scheibenhonig <\/strong>dar. Es handelt sich um Heidehonig direkt aus der Bienenwabe.<\/p>\n<\/div><\/div>\n\n\n\n<div class=\"wp-block-media-text is-stacked-on-mobile\"><figure class=\"wp-block-media-text__media\"><img loading=\"lazy\" decoding=\"async\" width=\"1280\" height=\"1280\" src=\"https:\/\/imkerei-klingel.de\/wp-content\/uploads\/2023\/08\/photo_2022-09-14_21-54-35-1.jpg\" alt=\"\" class=\"wp-image-445 size-full\"\/><\/figure><div class=\"wp-block-media-text__content\">\n<p><strong>Wabenhonig<\/strong><br>Der Wabenhonig entsteht in der Bonner Region w\u00e4hrend der Sommertracht. Die Bienen bauen die Waben aus j\u00fcngstem Wachs selbst. Der Honig kann mit der Wabe zusammen verzehrt werden.<\/p>\n<\/div><\/div>\n\n\n\n<hr class=\"wp-block-separator has-alpha-channel-opacity\"\/>\n\n\n\n<p><strong>Honigkreationen<\/strong><\/p>\n\n\n\n<div class=\"wp-block-media-text is-stacked-on-mobile\"><figure class=\"wp-block-media-text__media\"><img loading=\"lazy\" decoding=\"async\" width=\"1280\" height=\"960\" src=\"https:\/\/imkerei-klingel.de\/wp-content\/uploads\/2023\/12\/photo_2023-12-13_17-08-55.jpg\" alt=\"\" class=\"wp-image-689 size-full\"\/><\/figure><div class=\"wp-block-media-text__content\">\n<p><strong>Vanille in Robinienhonig<\/strong><br>Das Aroma der gemahlenen Fruchtkapseln der Vanille entfaltet sich bereits im Honig. Mit der blumig-milden S\u00fc\u00dfe des Robinienhonigs harmonisiert die Vanille.<\/p>\n\n\n\n<p>Zum Verfeinern von Teigen, Cremes, Kuchen, Getr\u00e4nken, aber auch herzhaften Gerichten usw. eignet sich die Honigkreation besonders durch ihre gute Handhabbarkeit. Sie l\u00e4sst sich leicht unterr\u00fchren und eignet sich daher hervorragend zum Aromatisieren und Verfeinern.<\/p>\n<\/div><\/div>\n\n\n\n<div class=\"wp-block-media-text is-stacked-on-mobile\"><figure class=\"wp-block-media-text__media\"><img loading=\"lazy\" decoding=\"async\" width=\"1280\" height=\"960\" src=\"https:\/\/imkerei-klingel.de\/wp-content\/uploads\/2023\/12\/photo_2023-12-13_17-09-01.jpg\" alt=\"\" class=\"wp-image-690 size-full\"\/><\/figure><div class=\"wp-block-media-text__content\">\n<p><strong>Waln\u00fcsse in Waldhonig<\/strong><\/p>\n\n\n\n<p>In Waldhonig eingelegte Waln\u00fcsse empfehlen wir als s\u00fc\u00dfe Komponente zum K\u00e4se, aufs Eis oder zur Zubereitung eines Salatdressing.<\/p>\n<\/div><\/div>\n\n\n\n<div class=\"wp-block-media-text is-stacked-on-mobile\"><figure class=\"wp-block-media-text__media\"><img loading=\"lazy\" decoding=\"async\" width=\"1280\" height=\"960\" src=\"https:\/\/imkerei-klingel.de\/wp-content\/uploads\/2025\/06\/photo_2025-06-18_23-06-19.jpg\" alt=\"\" class=\"wp-image-828 size-full\"\/><\/figure><div class=\"wp-block-media-text__content\">\n<p><strong>Sonderanfertigungen<\/strong><\/p>\n\n\n\n<p>F\u00fcr besondere Anl\u00e4sse fertigen wir gerne eine individuelle Honigabf\u00fcllung f\u00fcr Sie an. Kontaktieren Sie uns gerne per E-Mail.<\/p>\n<\/div><\/div>\n","protected":false},"excerpt":{"rendered":"<p>Fr\u00fchtrachtDer erste Honig im Jahr besteht aus allen fr\u00fchbl\u00fchenden Pflanzen. Besonders die Rapsbl\u00fcte verleiht dem Honig ein helles, fast wei\u00dfes Erscheinen. Es entsteht ein sehr cremiger und milder Honig mit einer typischen leichten Honigs\u00fc\u00dfe. SommertrachtDiese Honigtracht ist in unserer Region besonders durch die Stadtlinde gepr\u00e4gt. Der hohe Lindenanteil macht sich im Geschmack durch eine leichte &hellip; <\/p>\n<p class=\"link-more\"><a href=\"https:\/\/imkerei-klingel.de\/index.php\/produkte\/honig\/\" class=\"more-link\">Continue reading<span class=\"screen-reader-text\"> &#8220;Honig&#8221;<\/span><\/a><\/p>\n","protected":false},"author":1,"featured_media":0,"parent":22,"menu_order":0,"comment_status":"closed","ping_status":"closed","template":"","meta":{"footnotes":""},"class_list":["post-438","page","type-page","status-publish","hentry"],"_links":{"self":[{"href":"https:\/\/imkerei-klingel.de\/index.php\/wp-json\/wp\/v2\/pages\/438","targetHints":{"allow":["GET"]}}],"collection":[{"href":"https:\/\/imkerei-klingel.de\/index.php\/wp-json\/wp\/v2\/pages"}],"about":[{"href":"https:\/\/imkerei-klingel.de\/index.php\/wp-json\/wp\/v2\/types\/page"}],"author":[{"embeddable":true,"href":"https:\/\/imkerei-klingel.de\/index.php\/wp-json\/wp\/v2\/users\/1"}],"replies":[{"embeddable":true,"href":"https:\/\/imkerei-klingel.de\/index.php\/wp-json\/wp\/v2\/comments?post=438"}],"version-history":[{"count":5,"href":"https:\/\/imkerei-klingel.de\/index.php\/wp-json\/wp\/v2\/pages\/438\/revisions"}],"predecessor-version":[{"id":829,"href":"https:\/\/imkerei-klingel.de\/index.php\/wp-json\/wp\/v2\/pages\/438\/revisions\/829"}],"up":[{"embeddable":true,"href":"https:\/\/imkerei-klingel.de\/index.php\/wp-json\/wp\/v2\/pages\/22"}],"wp:attachment":[{"href":"https:\/\/imkerei-klingel.de\/index.php\/wp-json\/wp\/v2\/media?parent=438"}],"curies":[{"name":"wp","href":"https:\/\/api.w.org\/{rel}","templated":true}]}}