{"id":344,"date":"2023-04-26T13:32:45","date_gmt":"2023-04-26T11:32:45","guid":{"rendered":"https:\/\/imkerei-klingel.de\/?page_id=344"},"modified":"2023-10-26T06:43:19","modified_gmt":"2023-10-26T06:43:19","slug":"schwarm","status":"publish","type":"page","link":"https:\/\/imkerei-klingel.de\/index.php\/schwarm\/","title":{"rendered":"Schwarm"},"content":{"rendered":"\n<p><strong>Haben Sie einen Bienenschwarm entdeckt und keinen Imker in der Nachbarschaft, der Ihnen weiterhelfen kann? &nbsp;Dann melden Sie sich telefonisch bei uns. Ob wir den Schwarm einfangen k\u00f6nnen, h\u00e4ngt davon ab, ob wir Zeit haben und ob der Schwarm ohne Selbstgef\u00e4rdung zu erreichen ist.<\/strong><\/p>\n\n\n\n<p>Das Schw\u00e4rmen ist die <strong>nat\u00fcrliche Vermehrungsweise<\/strong> von Honigbienen. Im <strong>Mai und Juni<\/strong>, wenn die Bienen im \u00dcberfluss mit Nektar und Pollen versorgt sind, sich dadurch das Volk in einer aufstrebenden Entwicklungsphase befindet, ist die typische Schwarmzeit.<\/p>\n\n\n\n<p>Die Entwicklung von Schwarmstimmung ist multifaktoriell (z.B. Raummangel, genetische Neigung, Brutmenge). Au\u00dferdem ist jedes Bienenjahr anders. Es gibt regelrechte Schwarmjahre, aber auch Sommer, in denen der Vermehrungstrieb ged\u00e4mpfter ist.<br>Not-Schw\u00e4rme k\u00f6nnen unter widrigen Bedingungen entstehen. M\u00f6gliche Ursachen sind zum Beispiel Futtermangel, starkes Erhitzen der Behausung im Sommer oder h\u00e4ufige St\u00f6rungen von au\u00dfen.<\/p>\n\n\n\n<p><strong>Die meisten Schw\u00e4rme verlassen zur warmen Mittagszeit oder am fr\u00fchen Nachmittag die Nester.<\/strong><br>Dieses beeindruckende Schauspiel vollzieht sich binnen kurzer Zeit. Der ausgezogene Bienenschwarm sammelt sich mit der K\u00f6nigin erstmal an einem Ast, einer Laterne etc. \u00c4ltere K\u00f6niginnen haben eine verminderte Flugleistung; solche Schw\u00e4rme h\u00e4ngen meist niedriger. Spurbienen suchen nach geeigneten neuen Wohnorten. In unseren Kulturlandschaften und urbanen Gebieten sind diese rar. H\u00e4ufig werden sie den Bed\u00fcrfnissen der Bienen oder der anwohnenden Menschen nicht gerecht. Je nachdem wie die Wohnungssuche verlaufen ist, kann ein Schwarm nur wenige Stunden bis einige Tage an der gesichteten Stelle verbleiben.<br><\/p>\n\n\n\n<p><strong>Schwarmbienen sind in der Regel friedfertig<\/strong>. Die Bienen haben sich vor dem Auszug mit Honig vollgepumpt, au\u00dferdem gibt es keine Vorr\u00e4te, Brut und Behausung, die es zu verteidigen gilt. Trotzdem sollte man sich aus dem Bienengewirr raushalten, damit sich einzelne Bienen nicht in Kleidung oder Haar verheddern.<\/p>\n\n\n\n<p>Ein Bienenschwarm geh\u00f6rt grunds\u00e4tzlich dem Imker, bei dem der Schwarm auszieht. Verfolgt dieser Imker den Schwarm jedoch nicht, sondern l\u00e4sst ihn ziehen, kann auch ein anderer Imker ihn einfangen und so zum neuen Eigentum werden. Das Einfangen imkerloser Bienenschw\u00e4rme ist somit geltendes Recht.<\/p>\n\n\n\n<figure class=\"wp-block-image size-full wp-duotone-unset-1\"><img loading=\"lazy\" decoding=\"async\" width=\"6000\" height=\"4000\" src=\"https:\/\/imkerei-klingel.de\/wp-content\/uploads\/2023\/04\/DSC09052.jpg\" alt=\"\" class=\"wp-image-515\"\/><figcaption class=\"wp-element-caption\">Schwarm im Obstbaum 24.04.2023<\/figcaption><\/figure>\n","protected":false},"excerpt":{"rendered":"<p>Haben Sie einen Bienenschwarm entdeckt und keinen Imker in der Nachbarschaft, der Ihnen weiterhelfen kann? &nbsp;Dann melden Sie sich telefonisch bei uns. Ob wir den Schwarm einfangen k\u00f6nnen, h\u00e4ngt davon ab, ob wir Zeit haben und ob der Schwarm ohne Selbstgef\u00e4rdung zu erreichen ist. Das Schw\u00e4rmen ist die nat\u00fcrliche Vermehrungsweise von Honigbienen. Im Mai und &hellip; <\/p>\n<p class=\"link-more\"><a href=\"https:\/\/imkerei-klingel.de\/index.php\/schwarm\/\" class=\"more-link\">Continue reading<span class=\"screen-reader-text\"> &#8220;Schwarm&#8221;<\/span><\/a><\/p>\n","protected":false},"author":2,"featured_media":0,"parent":0,"menu_order":1,"comment_status":"closed","ping_status":"closed","template":"","meta":{"footnotes":""},"class_list":["post-344","page","type-page","status-publish","hentry"],"_links":{"self":[{"href":"https:\/\/imkerei-klingel.de\/index.php\/wp-json\/wp\/v2\/pages\/344","targetHints":{"allow":["GET"]}}],"collection":[{"href":"https:\/\/imkerei-klingel.de\/index.php\/wp-json\/wp\/v2\/pages"}],"about":[{"href":"https:\/\/imkerei-klingel.de\/index.php\/wp-json\/wp\/v2\/types\/page"}],"author":[{"embeddable":true,"href":"https:\/\/imkerei-klingel.de\/index.php\/wp-json\/wp\/v2\/users\/2"}],"replies":[{"embeddable":true,"href":"https:\/\/imkerei-klingel.de\/index.php\/wp-json\/wp\/v2\/comments?post=344"}],"version-history":[{"count":1,"href":"https:\/\/imkerei-klingel.de\/index.php\/wp-json\/wp\/v2\/pages\/344\/revisions"}],"predecessor-version":[{"id":592,"href":"https:\/\/imkerei-klingel.de\/index.php\/wp-json\/wp\/v2\/pages\/344\/revisions\/592"}],"wp:attachment":[{"href":"https:\/\/imkerei-klingel.de\/index.php\/wp-json\/wp\/v2\/media?parent=344"}],"curies":[{"name":"wp","href":"https:\/\/api.w.org\/{rel}","templated":true}]}}