{"id":22,"date":"2020-11-25T13:11:58","date_gmt":"2020-11-25T12:11:58","guid":{"rendered":"http:\/\/imkerei-klingel.de\/?page_id=22"},"modified":"2023-11-30T08:37:47","modified_gmt":"2023-11-30T08:37:47","slug":"produkte","status":"publish","type":"page","link":"https:\/\/imkerei-klingel.de\/index.php\/produkte\/","title":{"rendered":"Produkte"},"content":{"rendered":"\n<div class=\"wp-block-columns alignwide is-layout-flex wp-container-core-columns-is-layout-1 wp-block-columns-is-layout-flex\" style=\"margin-bottom:0\">\n<div class=\"wp-block-column has-text-color has-background has-link-color wp-elements-8c80a0c66efa42c87899975db9c8e71f is-layout-flow wp-block-column-is-layout-flow\" style=\"color:#000000;background-color:#ffe97d;padding-top:2em;padding-right:2em;padding-bottom:2em;padding-left:2em\">\n<h2 class=\"wp-block-heading has-text-align-center\" id=\"single\" style=\"font-size:40px\"><strong>Honig<\/strong><\/h2>\n\n\n\n<p class=\"has-text-align-center has-normal-font-size\" style=\"line-height:1.5\"><strong>Unsere Sorten aus der Region und Deutschland<\/strong><\/p>\n\n\n\n<div style=\"height:6px\" aria-hidden=\"true\" class=\"wp-block-spacer\"><\/div>\n\n\n\n<figure class=\"wp-block-image size-full is-resized\"><img loading=\"lazy\" decoding=\"async\" width=\"2000\" height=\"1200\" src=\"https:\/\/imkerei-klingel.de\/wp-content\/uploads\/2023\/10\/Head-geschnitten-1.jpg\" alt=\"\" class=\"wp-image-600\" style=\"width:140px;height:auto\"\/><\/figure>\n\n\n\n<hr class=\"wp-block-separator has-text-color has-css-opacity has-background is-style-wide\" style=\"background-color:#000000;color:#000000\"\/>\n\n\n\n<ul class=\"has-normal-font-size wp-block-list\">\n<li>Fr\u00fchtracht<\/li>\n\n\n\n<li>Sommertracht<\/li>\n\n\n\n<li>Wald und Bl\u00fcte<\/li>\n\n\n\n<li>Robinie<\/li>\n\n\n\n<li>Waldtracht<\/li>\n\n\n\n<li>Edelkastanie<\/li>\n\n\n\n<li>Heide<\/li>\n<\/ul>\n\n\n\n<div style=\"height:11px\" aria-hidden=\"true\" class=\"wp-block-spacer\"><\/div>\n\n\n\n<div class=\"wp-block-buttons alignfull is-horizontal is-content-justification-center is-layout-flex wp-container-core-buttons-is-layout-1 wp-block-buttons-is-layout-flex\">\n<div class=\"wp-block-button has-custom-width wp-block-button__width-100\"><a class=\"wp-block-button__link has-white-color has-text-color has-background wp-element-button\" href=\"https:\/\/imkerei-klingel.de\/index.php\/produkte\/honig\/\" style=\"border-radius:50px;background-color:#000000\">mehr dazu<\/a><\/div>\n<\/div>\n<\/div>\n\n\n\n<div class=\"wp-block-column has-text-color has-background has-link-color wp-elements-193134b148e5ddb465aacb2178f0c041 is-layout-flow wp-block-column-is-layout-flow\" style=\"color:#000000;background-color:#d1d1e1;padding-top:2em;padding-right:2em;padding-bottom:2em;padding-left:2em\">\n<h2 class=\"wp-block-heading has-text-align-center\" id=\"family\" style=\"font-size:40px\"><strong>Kerzen<\/strong><\/h2>\n\n\n\n<p class=\"has-text-align-center has-normal-font-size\" style=\"line-height:1.5\"><strong>Aus eigenem Wachs hergestellte Kerzen<\/strong><\/p>\n\n\n\n<figure class=\"wp-block-image size-full is-resized\"><img loading=\"lazy\" decoding=\"async\" width=\"4272\" height=\"2848\" src=\"https:\/\/imkerei-klingel.de\/wp-content\/uploads\/2023\/10\/IMG_1348.jpg\" alt=\"\" class=\"wp-image-647\" style=\"width:141px;height:auto\"\/><\/figure>\n\n\n\n<hr class=\"wp-block-separator has-css-opacity is-style-wide\"\/>\n\n\n\n<p>warum Kerzen aus Bienenwachs?<\/p>\n\n\n\n<ul class=\"has-normal-font-size wp-block-list\">\n<li>lange Brenndauer<\/li>\n\n\n\n<li>warmes Licht erzeugt eine gem\u00fctliche Atmosph\u00e4re<\/li>\n\n\n\n<li>regionale Erzeugung<\/li>\n<\/ul>\n\n\n\n<div style=\"height:0px\" aria-hidden=\"true\" class=\"wp-block-spacer\"><\/div>\n\n\n\n<div class=\"wp-block-buttons alignfull is-horizontal is-content-justification-center is-layout-flex wp-container-core-buttons-is-layout-2 wp-block-buttons-is-layout-flex\">\n<div class=\"wp-block-button has-custom-width wp-block-button__width-100 is-style-fill\"><a class=\"wp-block-button__link has-white-color has-text-color has-background wp-element-button\" href=\"https:\/\/imkerei-klingel.de\/index.php\/produkte\/kerzen\/\" style=\"border-radius:50px;background-color:#000000\">mehr dazu<\/a><\/div>\n<\/div>\n<\/div>\n\n\n\n<div class=\"wp-block-column has-text-color has-background has-link-color wp-elements-433e2c4a646c5e5522374df0c39b6f2a is-layout-flow wp-block-column-is-layout-flow\" style=\"color:#000000;background-color:#c0ebf1;padding-top:2em;padding-right:2em;padding-bottom:2em;padding-left:2em\">\n<h2 class=\"wp-block-heading has-text-align-center\" id=\"patron\" style=\"font-size:40px\"><strong>Met<\/strong><\/h2>\n\n\n\n<p class=\"has-text-align-center has-normal-font-size\"><strong>F\u00fcr den besonderen Geschmack<\/strong><\/p>\n\n\n\n<figure class=\"wp-block-image size-full is-resized\"><img loading=\"lazy\" decoding=\"async\" width=\"4272\" height=\"2848\" src=\"https:\/\/imkerei-klingel.de\/wp-content\/uploads\/2023\/11\/IMG_1386.jpg\" alt=\"\" class=\"wp-image-670\" style=\"width:74px;height:auto\"\/><\/figure>\n\n\n\n<hr class=\"wp-block-separator has-css-opacity is-style-wide\"\/>\n\n\n\n<ul class=\"has-normal-font-size wp-block-list\">\n<li>S\u00fc\u00dfer Met<\/li>\n\n\n\n<li>Met aus dem Eichenfass<\/li>\n<\/ul>\n\n\n\n<div style=\"height:105px\" aria-hidden=\"true\" class=\"wp-block-spacer\"><\/div>\n\n\n\n<div class=\"wp-block-buttons alignfull is-horizontal is-content-justification-center is-layout-flex wp-container-core-buttons-is-layout-3 wp-block-buttons-is-layout-flex\">\n<div class=\"wp-block-button has-custom-width wp-block-button__width-100 is-style-fill\"><a class=\"wp-block-button__link has-white-color has-text-color has-background wp-element-button\" href=\"https:\/\/imkerei-klingel.de\/index.php\/produkte\/honigweine-met\/\" style=\"border-radius:50px;background-color:#000000\">mehr dazu<\/a><\/div>\n<\/div>\n<\/div>\n<\/div>\n\n\n\n<p><\/p>\n\n\n\n<div class=\"wp-block-media-text is-stacked-on-mobile\"><figure class=\"wp-block-media-text__media\"><img loading=\"lazy\" decoding=\"async\" width=\"6000\" height=\"4000\" src=\"https:\/\/imkerei-klingel.de\/wp-content\/uploads\/2023\/09\/DSC07320.jpg\" alt=\"\" class=\"wp-image-462 size-full\"\/><\/figure><div class=\"wp-block-media-text__content\">\n<p><strong>F\u00fcr Imker<\/strong><br>&#8211; K\u00f6niginnen<br>&#8211; Ableger\/ V\u00f6lker<br>&#8211; Kunstschw\u00e4rme<br>&#8211; Lohnschleudern<br><a href=\"https:\/\/imkerei-klingel.de\/index.php\/produkte\/koeniginnen-ableger-und-co\/\" data-type=\"page\" data-id=\"165\">mehr dazu<\/a><\/p>\n<\/div><\/div>\n","protected":false},"excerpt":{"rendered":"<p>Honig Unsere Sorten aus der Region und Deutschland Kerzen Aus eigenem Wachs hergestellte Kerzen warum Kerzen aus Bienenwachs? Met F\u00fcr den besonderen Geschmack F\u00fcr Imker&#8211; K\u00f6niginnen&#8211; Ableger\/ V\u00f6lker&#8211; Kunstschw\u00e4rme&#8211; Lohnschleudernmehr dazu<\/p>\n","protected":false},"author":1,"featured_media":0,"parent":0,"menu_order":0,"comment_status":"closed","ping_status":"closed","template":"","meta":{"footnotes":""},"class_list":["post-22","page","type-page","status-publish","hentry"],"_links":{"self":[{"href":"https:\/\/imkerei-klingel.de\/index.php\/wp-json\/wp\/v2\/pages\/22","targetHints":{"allow":["GET"]}}],"collection":[{"href":"https:\/\/imkerei-klingel.de\/index.php\/wp-json\/wp\/v2\/pages"}],"about":[{"href":"https:\/\/imkerei-klingel.de\/index.php\/wp-json\/wp\/v2\/types\/page"}],"author":[{"embeddable":true,"href":"https:\/\/imkerei-klingel.de\/index.php\/wp-json\/wp\/v2\/users\/1"}],"replies":[{"embeddable":true,"href":"https:\/\/imkerei-klingel.de\/index.php\/wp-json\/wp\/v2\/comments?post=22"}],"version-history":[{"count":14,"href":"https:\/\/imkerei-klingel.de\/index.php\/wp-json\/wp\/v2\/pages\/22\/revisions"}],"predecessor-version":[{"id":681,"href":"https:\/\/imkerei-klingel.de\/index.php\/wp-json\/wp\/v2\/pages\/22\/revisions\/681"}],"wp:attachment":[{"href":"https:\/\/imkerei-klingel.de\/index.php\/wp-json\/wp\/v2\/media?parent=22"}],"curies":[{"name":"wp","href":"https:\/\/api.w.org\/{rel}","templated":true}]}}