{"id":19,"date":"2020-11-25T13:11:58","date_gmt":"2020-11-25T13:11:58","guid":{"rendered":"http:\/\/imkerei-klingel.de\/?page_id=19"},"modified":"2025-04-13T19:47:47","modified_gmt":"2025-04-13T19:47:47","slug":"der-imker","status":"publish","type":"page","link":"https:\/\/imkerei-klingel.de\/index.php\/die-imkerei\/der-imker\/","title":{"rendered":"Die Imker"},"content":{"rendered":"\n<p>Unter Imkerei versteht man im wesentlichen die Haltung von Bienen zur Gewinnung von Honig und weiterer Produkten wie Wachs, Pollen und Propolis. Relevant ist diese Nutztierhaltung \u00fcberdies durch ihre Best\u00e4ubungsleistung von Wild- und landwirtschaftlichen Nutzpflanzen.<br>Unsere Bienenv\u00f6lker stehen in Bonn und dem Rhein-Sieg Kreis verteilt an verschiedenen Standorten. Somit produzieren die Bienen regionalen Honig aus dem Bonner-Umland. <br>Wir streben eine tiergerechte und naturgem\u00e4\u00dfe Bienenhaltung an, denn nur im Rhythmus der Natur ist erfolgreiches Imkern m\u00f6glich.<\/p>\n\n\n\n<figure class=\"wp-block-image size-full is-resized\"><img loading=\"lazy\" decoding=\"async\" width=\"6000\" height=\"4000\" src=\"https:\/\/imkerei-klingel.de\/wp-content\/uploads\/2025\/04\/DSC04216.jpg\" alt=\"\" class=\"wp-image-810\" style=\"width:553px;height:auto\"\/><\/figure>\n\n\n\n<hr class=\"wp-block-separator has-alpha-channel-opacity is-style-wide\"\/>\n\n\n\n<figure class=\"wp-block-image size-full is-resized\"><img loading=\"lazy\" decoding=\"async\" width=\"6000\" height=\"4000\" src=\"https:\/\/imkerei-klingel.de\/wp-content\/uploads\/2023\/08\/DSC07471.jpg\" alt=\"Jonas am Volk\" class=\"wp-image-404\" style=\"width:549px;height:366px\"\/><\/figure>\n\n\n\n<p class=\"has-text-align-left\"><strong>Jonas<\/strong><br>Mein Name ist Jonas. Geb\u00fcrtig aus Bonn. Mein erstes Bienenvolk habe ich mit neun Jahren bekommen, seitdem imkere ich mit sehr viel Freude. \u00dcber ein Praktikum w\u00e4hrend der Schulzeit konnte ich einige Einblicke in die Berufsimkerei der Universit\u00e4t Bonn werfen. <br>2018 habe ich dort die Ausbildung zum Tierwirt, mit der Fachrichtung Imkerei, begonnen und 2020 absolviert. Seitdem bin ich dort, neben einem Landwirtschaftsstudium, als Geselle t\u00e4tig.<\/p>\n\n\n\n<p><\/p>\n\n\n\n<div class=\"wp-block-group\"><div class=\"wp-block-group__inner-container is-layout-constrained wp-block-group-is-layout-constrained\">\n<div class=\"wp-block-columns is-layout-flex wp-container-core-columns-is-layout-1 wp-block-columns-is-layout-flex\">\n<div class=\"wp-block-column is-layout-flow wp-block-column-is-layout-flow\" style=\"flex-basis:100%\">\n<figure class=\"wp-block-image size-full is-resized\"><img loading=\"lazy\" decoding=\"async\" width=\"4000\" height=\"3000\" src=\"https:\/\/imkerei-klingel.de\/wp-content\/uploads\/2023\/08\/IMG_20210621_091024.jpg\" alt=\"Paula am BK\" class=\"wp-image-406\" style=\"width:529px;height:397px\"\/><\/figure>\n<\/div>\n<\/div>\n<\/div><\/div>\n\n\n\n<p><\/p>\n\n\n\n<p><strong>Paula<\/strong><br>Ich bin Paula, die zweite im Bunde. Aus der L\u00fcneburger Heide stammend, hat es mich 2020 zum Studium der Landwirtschaft dorthin verschlagen, wo neben dem Rhein auch Honig flie\u00dft. Nach abgeschlossener Ausbilung zum Tierwirt am LAVES- Institut f\u00fcr Bienenkunde in Celle war ich dort ein Jahr als Geselle im Bereich K\u00f6niginnenzucht t\u00e4tig. <\/p>\n\n\n\n<p><\/p>\n","protected":false},"excerpt":{"rendered":"<p>Unter Imkerei versteht man im wesentlichen die Haltung von Bienen zur Gewinnung von Honig und weiterer Produkten wie Wachs, Pollen und Propolis. Relevant ist diese Nutztierhaltung \u00fcberdies durch ihre Best\u00e4ubungsleistung von Wild- und landwirtschaftlichen Nutzpflanzen.Unsere Bienenv\u00f6lker stehen in Bonn und dem Rhein-Sieg Kreis verteilt an verschiedenen Standorten. Somit produzieren die Bienen regionalen Honig aus dem &hellip; <\/p>\n<p class=\"link-more\"><a href=\"https:\/\/imkerei-klingel.de\/index.php\/die-imkerei\/der-imker\/\" class=\"more-link\">Continue reading<span class=\"screen-reader-text\"> &#8220;Die Imker&#8221;<\/span><\/a><\/p>\n","protected":false},"author":1,"featured_media":0,"parent":41,"menu_order":0,"comment_status":"closed","ping_status":"closed","template":"","meta":{"footnotes":""},"class_list":["post-19","page","type-page","status-publish","hentry"],"_links":{"self":[{"href":"https:\/\/imkerei-klingel.de\/index.php\/wp-json\/wp\/v2\/pages\/19","targetHints":{"allow":["GET"]}}],"collection":[{"href":"https:\/\/imkerei-klingel.de\/index.php\/wp-json\/wp\/v2\/pages"}],"about":[{"href":"https:\/\/imkerei-klingel.de\/index.php\/wp-json\/wp\/v2\/types\/page"}],"author":[{"embeddable":true,"href":"https:\/\/imkerei-klingel.de\/index.php\/wp-json\/wp\/v2\/users\/1"}],"replies":[{"embeddable":true,"href":"https:\/\/imkerei-klingel.de\/index.php\/wp-json\/wp\/v2\/comments?post=19"}],"version-history":[{"count":4,"href":"https:\/\/imkerei-klingel.de\/index.php\/wp-json\/wp\/v2\/pages\/19\/revisions"}],"predecessor-version":[{"id":811,"href":"https:\/\/imkerei-klingel.de\/index.php\/wp-json\/wp\/v2\/pages\/19\/revisions\/811"}],"up":[{"embeddable":true,"href":"https:\/\/imkerei-klingel.de\/index.php\/wp-json\/wp\/v2\/pages\/41"}],"wp:attachment":[{"href":"https:\/\/imkerei-klingel.de\/index.php\/wp-json\/wp\/v2\/media?parent=19"}],"curies":[{"name":"wp","href":"https:\/\/api.w.org\/{rel}","templated":true}]}}