{"id":165,"date":"2022-02-17T09:19:51","date_gmt":"2022-02-17T09:19:51","guid":{"rendered":"http:\/\/imkerei-klingel.de\/?page_id=165"},"modified":"2023-10-26T06:28:57","modified_gmt":"2023-10-26T06:28:57","slug":"koeniginnen-ableger-und-co","status":"publish","type":"page","link":"https:\/\/imkerei-klingel.de\/index.php\/produkte\/koeniginnen-ableger-und-co\/","title":{"rendered":"K\u00f6niginnen\/Ableger und Co."},"content":{"rendered":"\n<figure class=\"wp-block-image size-full is-resized\"><img loading=\"lazy\" decoding=\"async\" width=\"6000\" height=\"4000\" src=\"https:\/\/imkerei-klingel.de\/wp-content\/uploads\/2023\/09\/DSC07320.jpg\" alt=\"\" class=\"wp-image-462\" style=\"aspect-ratio:1.503968253968254;width:316px;height:auto\"\/><\/figure>\n\n\n\n<p><strong>K\u00f6niginnen(auf)zucht<\/strong><br>Nicht nur f\u00fcr unseren eigenen Betrieb ziehen wir junge K\u00f6niginnen auf.<br>Wir setzten bei unserer K\u00f6niginnenzucht auf ein breites Spektrum an Genpools und greifen dabei auf verschiedenste Z\u00fcchtungen aus ganz Deutschland zur\u00fcck.<br>Mit dem Bestreben eine an unsere Umgebung angepasste Biene zu erhalten werden die Jungk\u00f6niginnen standbegattet. Das prim\u00e4re Zuchtziel liegt bei einer vitalen, widerstandsf\u00e4higen Biene.<\/p>\n\n\n\n<figure class=\"wp-block-gallery has-nested-images columns-default is-cropped wp-block-gallery-1 is-layout-flex wp-block-gallery-is-layout-flex\">\n<figure class=\"wp-block-image size-full\"><img loading=\"lazy\" decoding=\"async\" width=\"4000\" height=\"3000\" data-id=\"406\" src=\"https:\/\/imkerei-klingel.de\/wp-content\/uploads\/2023\/08\/IMG_20210621_091024.jpg\" alt=\"Paula am BK\" class=\"wp-image-406\"\/><figcaption class=\"wp-element-caption\">Kontrolle der Begattungsk\u00e4stchen<\/figcaption><\/figure>\n\n\n\n<figure class=\"wp-block-image size-full\"><img loading=\"lazy\" decoding=\"async\" width=\"6000\" height=\"4000\" data-id=\"567\" src=\"https:\/\/imkerei-klingel.de\/wp-content\/uploads\/2023\/10\/DSC06692.jpg\" alt=\"\" class=\"wp-image-567\"\/><figcaption class=\"wp-element-caption\">Arbeiterinnen pflegen die K\u00f6niginnenlarven<\/figcaption><\/figure>\n\n\n\n<figure class=\"wp-block-image size-full\"><img loading=\"lazy\" decoding=\"async\" width=\"1280\" height=\"960\" data-id=\"587\" src=\"https:\/\/imkerei-klingel.de\/wp-content\/uploads\/2023\/10\/Begattungskaestchen.jpg\" alt=\"\" class=\"wp-image-587\"\/><figcaption class=\"wp-element-caption\">Begattungsk\u00e4stechen<\/figcaption><\/figure>\n<\/figure>\n\n\n\n<p><strong>Ablegerbildung<\/strong><br>Brutwabenableger k\u00f6nnen wir in den Ma\u00dfen Zander und Dadant anbieten.<br>Auch die Erstellung von Kunstschw\u00e4rmen ist m\u00f6glich.<\/p>\n\n\n\n<p><strong>Futterkranzprobennahme<\/strong><br>Als  registrierte Bienenseuchensachvert\u00e4ndige (BSV) sind wir bef\u00e4higt ihre Futterkranzproben fachgerecht zu entnehmen und die Bienenv\u00f6lker zu begutachten.<br>Futterkranzproben sind notwendig um ein Gesundheitszeugnis zu beantragen.<br><\/p>\n","protected":false},"excerpt":{"rendered":"<p>K\u00f6niginnen(auf)zuchtNicht nur f\u00fcr unseren eigenen Betrieb ziehen wir junge K\u00f6niginnen auf.Wir setzten bei unserer K\u00f6niginnenzucht auf ein breites Spektrum an Genpools und greifen dabei auf verschiedenste Z\u00fcchtungen aus ganz Deutschland zur\u00fcck.Mit dem Bestreben eine an unsere Umgebung angepasste Biene zu erhalten werden die Jungk\u00f6niginnen standbegattet. Das prim\u00e4re Zuchtziel liegt bei einer vitalen, widerstandsf\u00e4higen Biene. AblegerbildungBrutwabenableger &hellip; <\/p>\n<p class=\"link-more\"><a href=\"https:\/\/imkerei-klingel.de\/index.php\/produkte\/koeniginnen-ableger-und-co\/\" class=\"more-link\">Continue reading<span class=\"screen-reader-text\"> &#8220;K\u00f6niginnen\/Ableger und Co.&#8221;<\/span><\/a><\/p>\n","protected":false},"author":1,"featured_media":0,"parent":22,"menu_order":2,"comment_status":"closed","ping_status":"closed","template":"","meta":{"footnotes":""},"class_list":["post-165","page","type-page","status-publish","hentry"],"_links":{"self":[{"href":"https:\/\/imkerei-klingel.de\/index.php\/wp-json\/wp\/v2\/pages\/165","targetHints":{"allow":["GET"]}}],"collection":[{"href":"https:\/\/imkerei-klingel.de\/index.php\/wp-json\/wp\/v2\/pages"}],"about":[{"href":"https:\/\/imkerei-klingel.de\/index.php\/wp-json\/wp\/v2\/types\/page"}],"author":[{"embeddable":true,"href":"https:\/\/imkerei-klingel.de\/index.php\/wp-json\/wp\/v2\/users\/1"}],"replies":[{"embeddable":true,"href":"https:\/\/imkerei-klingel.de\/index.php\/wp-json\/wp\/v2\/comments?post=165"}],"version-history":[{"count":3,"href":"https:\/\/imkerei-klingel.de\/index.php\/wp-json\/wp\/v2\/pages\/165\/revisions"}],"predecessor-version":[{"id":588,"href":"https:\/\/imkerei-klingel.de\/index.php\/wp-json\/wp\/v2\/pages\/165\/revisions\/588"}],"up":[{"embeddable":true,"href":"https:\/\/imkerei-klingel.de\/index.php\/wp-json\/wp\/v2\/pages\/22"}],"wp:attachment":[{"href":"https:\/\/imkerei-klingel.de\/index.php\/wp-json\/wp\/v2\/media?parent=165"}],"curies":[{"name":"wp","href":"https:\/\/api.w.org\/{rel}","templated":true}]}}