{"id":124,"date":"2020-11-26T21:43:33","date_gmt":"2020-11-26T20:43:33","guid":{"rendered":"http:\/\/imkerei-klingel.de\/?page_id=124"},"modified":"2025-06-18T21:36:47","modified_gmt":"2025-06-18T21:36:47","slug":"wespen","status":"publish","type":"page","link":"https:\/\/imkerei-klingel.de\/index.php\/wespen\/","title":{"rendered":"Wespen"},"content":{"rendered":"\n<p>Der Mann f\u00fcr unerw\u00fcnschte (?) Mitbewohner bin ich, Jonas.<br>Als zertifizierter Wespenberater informiere ich Sie gerne im Falle eines Wespen-, Hummel- oder Hornissenestes.<br>Bei einer Umsiedlung bin ich in der Lage diese durchzuf\u00fchren, sowie alle wichtigen Genehmigungen anzufordern. Dabei arbeite ich eng mit den zust\u00e4ndigen Beh\u00f6rden zusammen.<\/p>\n\n\n\n<p>Oft lassen sich Wespen in Rollandenk\u00e4sten nieder. Das ist nicht nur f\u00fcr die Menschen stressig, sondern auch f\u00fcr die Wespen. Durch das Bewegen des Rolladens wird das Nest gest\u00f6rt. Dieser Stress wirkt sich auch auf das generelle Verhalten der Wespen aus. <br>Um einem Wespennest dort vorzubeugen, empfehle ich einen entsprechenden Schutz im Rolladenkasten. Dieser ist schnell montiert!<br>Die beiden h\u00e4ufigsten unerw\u00fcnschten Untermieter sind die Gemeine Wespe (Vespula vulgaris) und die Deutsche Wespe (Vespula germanica).<br>F\u00fcr die richtige Bestimmung muss jedoch genau hingeschaut werden. Das ist teilweise gar nicht so einfach umzusetzen. Einen Einblick in die Artbestimmung von Wespen gibt es auf der Internetseite von Aktion-Wespenschutz: <a href=\"https:\/\/www.aktion-wespenschutz.de\/Wespenarten\/Wespenarten.HTM\">Wespenarten<\/a>.<\/p>\n\n\n\n<figure class=\"wp-block-gallery has-nested-images columns-default is-cropped wp-block-gallery-1 is-layout-flex wp-block-gallery-is-layout-flex\">\n<figure class=\"wp-block-image size-full\"><img loading=\"lazy\" decoding=\"async\" width=\"4608\" height=\"3456\" data-id=\"412\" src=\"https:\/\/imkerei-klingel.de\/wp-content\/uploads\/2023\/08\/IMG_20230629_183043.jpg\" alt=\"\" class=\"wp-image-412\"\/><figcaption class=\"wp-element-caption\">Absaugung der Flugwespen<\/figcaption><\/figure>\n\n\n\n<figure class=\"wp-block-image size-full\"><img loading=\"lazy\" decoding=\"async\" width=\"4608\" height=\"3456\" data-id=\"413\" src=\"https:\/\/imkerei-klingel.de\/wp-content\/uploads\/2023\/08\/IMG_20230629_185118.jpg\" alt=\"\" class=\"wp-image-413\"\/><figcaption class=\"wp-element-caption\">Die umgesiedelten Wespen bekommen ein neues Zuhause.<\/figcaption><\/figure>\n\n\n\n<figure class=\"wp-block-image size-full\"><img loading=\"lazy\" decoding=\"async\" width=\"4608\" height=\"3456\" data-id=\"431\" src=\"https:\/\/imkerei-klingel.de\/wp-content\/uploads\/2023\/08\/IMG_20230711_113945.jpg\" alt=\"\" class=\"wp-image-431\"\/><figcaption class=\"wp-element-caption\">Feldwespen am an einer Bienenbeute<\/figcaption><\/figure>\n<\/figure>\n\n\n\n<p>Warum umsiedeln lassen?<br>Zuallererst ist bei einem Wespennest zuhause zu beachten, dass es wirklich nur umgesiedelt werden sollte, wenn eine massive St\u00f6rung mit dem Fortbestehen des Nestes einher geht. Je nach Witterung im Jahresverlauf und Ort des Nestes stirbt es im sp\u00e4ten Herbst ab. Es kann zwar sein, dass die selbe Stelle im Folgejahr von einer neuen Wespenk\u00f6nigin mit einem neuen Nestbau besiedelt wird, das Nest selbst ist aber nur einj\u00e4hrig. Wenn Sie sich also f\u00fcr einen Sommer mit den neuen Bewohner arrangieren k\u00f6nnen, ist es das Beste, wenn das Nest bestehen bleiben kann.<\/p>\n\n\n\n<p>Lediglich in Ausnahmesituationen wird ein Nest von mir abget\u00f6tet!<br>Von selbst durchgef\u00fchrten Abt\u00f6tungen, etwa mit der Intention Kosten zu sparen, rate ich dringend ab.<br>In Deutschland stehen grunds\u00e4tzlich alle heimischen Wespenarten unter allgemeinem Schutz nach dem Bundesnaturschutzgesetz (BNatSchG). Somit ist es verboten, wild lebende Tiere ohne vern\u00fcnftigen Grund zu fangen, zu verletzen oder zu t\u00f6ten sowie ihre Lebensst\u00e4tten zu zerst\u00f6ren (\u00a7 39 BNatSchG).<br>Nicht sachgem\u00e4\u00df eingesetzte Insektizide k\u00f6nnen auch Nichtzielorganismen wie Wildbienen oder Honigbienen treffen, wenn das Mittel zu breit wirkt. Es k\u00f6nnen auch andere Tiere gesch\u00e4digt werden (z.\u202fB. V\u00f6gel, die tote Wespen fressen).<br>Diejenigen, die vor allem am eigenen Wohl interessiert sind, lassen sich vielleicht mit dem Argument, dass teilweise vergiftete Wespen aggressiv reagieren k\u00f6nnen, da sie durch das Insektizid gereizt oder desorientiert sind. Das Risiko f\u00fcr Stiche steigt dadurch.<\/p>\n\n\n\n<p>Einige Wespenarten sind zus\u00e4tzlich besonders gesch\u00fctzt (\u00a7\u202f44 BNatSchG in Verbindung mit der Bundesartenschutzverordnung, BArtSchV). Zu diesen z\u00e4hlt beispielsweise die Hornisse (Vespa crabro). Diese darf nur mit Ausnahmegenehmigung gest\u00f6rt werden; andernfalls k\u00f6nnen Bu\u00dfgelder verh\u00e4ngt werden.<\/p>\n\n\n\n<p>Damit es zu keinen Missverst\u00e4ndnissen kommt, stehe ich Ihnen gerne beraten zur Seite, wenn es meine verf\u00fcgbare Zeit zul\u00e4sst.<\/p>\n\n\n\n<figure class=\"wp-block-gallery has-nested-images columns-default is-cropped wp-block-gallery-2 is-layout-flex wp-block-gallery-is-layout-flex\">\n<figure class=\"wp-block-image size-full is-style-rounded\"><img loading=\"lazy\" decoding=\"async\" width=\"4000\" height=\"3000\" data-id=\"823\" src=\"https:\/\/imkerei-klingel.de\/wp-content\/uploads\/2025\/06\/P6181141.jpg\" alt=\"\" class=\"wp-image-823\"\/><\/figure>\n<\/figure>\n\n\n\n<h4 class=\"wp-block-heading\"><\/h4>\n\n\n\n<p><strong>Wildbienen:<\/strong><\/p>\n\n\n\n<p>Wenn wir von Bienen sprechen meinen wir oft das Nutztier, die westliche Honigbiene (apis mellifera). Doch die Honigbiene ist bei weitem nicht die einzige Biene! Mit rund 560 Wildbienenarten in Mitteleuropa ist sie in guter Gesellschaft. Damit das so bleibt sollten wir auch ein Auge auf die Bed\u00fcrfnisse spezialisierter Wildbienenarten werfen. <strong>Artenvielfalt ist Lebensqualit\u00e4t.<\/strong> Diese gilt es zu f\u00f6rdern! Die meisten Arten leben solit\u00e4r, das hei\u00dft sie bilden keine Staaten. Dazu geh\u00f6rt beispielsweise eine sehr bekannte Vertreterin, die Geh\u00f6rnte Mauerbiene, <em>Oamia cornuta<\/em>. Sie errichtet ihre meist linear angeordneten Brutzellen gerne in Nisthilfen.<\/p>\n\n\n\n<p><strong>Hummeln <\/strong>bilden einj\u00e4hrige Staaten, das bedeutet, dass jedes Jahr eine junge Hummelk\u00f6nigin ein eigenes Volk aufbaut. Schon fr\u00fch im Jahr sind Hummelk\u00f6niginnen auf Nahrungssuche zu beobachtenDie Erdhummel, <em>Bombus terrestris,<\/em> ist die in Europa am h\u00e4ufigsten vorkommende Hummelart.<\/p>\n\n\n\n<figure class=\"wp-block-gallery has-nested-images columns-default is-cropped wp-block-gallery-3 is-layout-flex wp-block-gallery-is-layout-flex\"><\/figure>\n","protected":false},"excerpt":{"rendered":"<p>Der Mann f\u00fcr unerw\u00fcnschte (?) Mitbewohner bin ich, Jonas.Als zertifizierter Wespenberater informiere ich Sie gerne im Falle eines Wespen-, Hummel- oder Hornissenestes.Bei einer Umsiedlung bin ich in der Lage diese durchzuf\u00fchren, sowie alle wichtigen Genehmigungen anzufordern. Dabei arbeite ich eng mit den zust\u00e4ndigen Beh\u00f6rden zusammen. Oft lassen sich Wespen in Rollandenk\u00e4sten nieder. Das ist nicht &hellip; <\/p>\n<p class=\"link-more\"><a href=\"https:\/\/imkerei-klingel.de\/index.php\/wespen\/\" class=\"more-link\">Continue reading<span class=\"screen-reader-text\"> &#8220;Wespen&#8221;<\/span><\/a><\/p>\n","protected":false},"author":1,"featured_media":0,"parent":0,"menu_order":0,"comment_status":"closed","ping_status":"closed","template":"","meta":{"footnotes":""},"class_list":["post-124","page","type-page","status-publish","hentry"],"_links":{"self":[{"href":"https:\/\/imkerei-klingel.de\/index.php\/wp-json\/wp\/v2\/pages\/124","targetHints":{"allow":["GET"]}}],"collection":[{"href":"https:\/\/imkerei-klingel.de\/index.php\/wp-json\/wp\/v2\/pages"}],"about":[{"href":"https:\/\/imkerei-klingel.de\/index.php\/wp-json\/wp\/v2\/types\/page"}],"author":[{"embeddable":true,"href":"https:\/\/imkerei-klingel.de\/index.php\/wp-json\/wp\/v2\/users\/1"}],"replies":[{"embeddable":true,"href":"https:\/\/imkerei-klingel.de\/index.php\/wp-json\/wp\/v2\/comments?post=124"}],"version-history":[{"count":8,"href":"https:\/\/imkerei-klingel.de\/index.php\/wp-json\/wp\/v2\/pages\/124\/revisions"}],"predecessor-version":[{"id":831,"href":"https:\/\/imkerei-klingel.de\/index.php\/wp-json\/wp\/v2\/pages\/124\/revisions\/831"}],"wp:attachment":[{"href":"https:\/\/imkerei-klingel.de\/index.php\/wp-json\/wp\/v2\/media?parent=124"}],"curies":[{"name":"wp","href":"https:\/\/api.w.org\/{rel}","templated":true}]}}